{"id":17618,"date":"2026-04-02T14:13:37","date_gmt":"2026-04-02T17:13:37","guid":{"rendered":"https:\/\/megaoffice.net\/?page_id=17618"},"modified":"2026-04-02T14:43:05","modified_gmt":"2026-04-02T17:43:05","slug":"politica-de-privacidade","status":"publish","type":"page","link":"https:\/\/megaoffice.net\/?page_id=17618","title":{"rendered":"Pol\u00edtica de Privacidade"},"content":{"rendered":"\t\t<div data-elementor-type=\"wp-page\" data-elementor-id=\"17618\" class=\"elementor elementor-17618\">\n\t\t\t\t\t\t\t\t\t<section class=\"elementor-section elementor-top-section elementor-element elementor-element-8f88400 elementor-section-stretched elementor-section-boxed elementor-section-height-default elementor-section-height-default wd-section-disabled\" data-id=\"8f88400\" data-element_type=\"section\" data-settings=\"{&quot;stretch_section&quot;:&quot;section-stretched&quot;,&quot;background_background&quot;:&quot;classic&quot;}\">\n\t\t\t\t\t\t\t<div class=\"elementor-background-overlay\"><\/div>\n\t\t\t\t\t\t\t<div class=\"elementor-container elementor-column-gap-default\">\n\t\t\t\t\t<div class=\"elementor-column elementor-col-100 elementor-top-column elementor-element elementor-element-8df3da2\" data-id=\"8df3da2\" data-element_type=\"column\">\n\t\t\t<div class=\"elementor-widget-wrap elementor-element-populated\">\n\t\t\t\t\t\t\t\t<div class=\"elementor-element elementor-element-92ad747 color-scheme-inherit text-left elementor-widget elementor-widget-text-editor\" data-id=\"92ad747\" data-element_type=\"widget\" data-widget_type=\"text-editor.default\">\n\t\t\t\t<div class=\"elementor-widget-container\">\n\t\t\t<style>\/*! elementor - v3.17.0 - 08-11-2023 *\/\n.elementor-widget-text-editor.elementor-drop-cap-view-stacked .elementor-drop-cap{background-color:#69727d;color:#fff}.elementor-widget-text-editor.elementor-drop-cap-view-framed .elementor-drop-cap{color:#69727d;border:3px solid;background-color:transparent}.elementor-widget-text-editor:not(.elementor-drop-cap-view-default) .elementor-drop-cap{margin-top:8px}.elementor-widget-text-editor:not(.elementor-drop-cap-view-default) .elementor-drop-cap-letter{width:1em;height:1em}.elementor-widget-text-editor .elementor-drop-cap{float:left;text-align:center;line-height:1;font-size:50px}.elementor-widget-text-editor .elementor-drop-cap-letter{display:inline-block}<\/style>\t\t\t\t<p>Pol\u00edtica de Privacidade e Prote\u00e7\u00e3o de Dados<\/p>\t\t\t\t\t\t<\/div>\n\t\t\t\t<\/div>\n\t\t\t\t\t<\/div>\n\t\t<\/div>\n\t\t\t\t\t\t\t<\/div>\n\t\t<\/section>\n\t\t\t\t<section class=\"elementor-section elementor-top-section elementor-element elementor-element-b7b279e elementor-section-stretched elementor-section-boxed elementor-section-height-default elementor-section-height-default wd-section-disabled\" data-id=\"b7b279e\" data-element_type=\"section\" data-settings=\"{&quot;stretch_section&quot;:&quot;section-stretched&quot;,&quot;background_background&quot;:&quot;classic&quot;}\">\n\t\t\t\t\t\t<div class=\"elementor-container elementor-column-gap-default\">\n\t\t\t\t\t<div class=\"elementor-column elementor-col-100 elementor-top-column elementor-element elementor-element-53112f8\" data-id=\"53112f8\" data-element_type=\"column\">\n\t\t\t<div class=\"elementor-widget-wrap elementor-element-populated\">\n\t\t\t\t\t\t\t\t<div class=\"elementor-element elementor-element-b168c29 color-scheme-inherit text-left elementor-widget elementor-widget-text-editor\" data-id=\"b168c29\" data-element_type=\"widget\" data-widget_type=\"text-editor.default\">\n\t\t\t\t<div class=\"elementor-widget-container\">\n\t\t\t\t\t\t\t<p><strong>G<\/strong><b>RUPO MEGAOFFICE<\/b> inscrito no CNPJ\/MF sob o n. 02.913.498\/0001-09, com sede na : Av. Jos\u00e9 Loureiro da Silva 2025\/1302, Centro, Gravata\u00ed\/RS \u2013 CEP: 94010-001;, sabe que a prote\u00e7\u00e3o dos dados pessoais \u00e9 um direito fundamental do Titular e que manter a privacidade assegurada \u00e9 um dever indispens\u00e1vel.<\/p>\n<p>Criamos essa Pol\u00edtica de Privacidade e Prote\u00e7\u00e3o de Dados de forma clara e objetiva para que voc\u00ea (Titular) saiba exatamente quais dados s\u00e3o coletados, quais s\u00e3o as pr\u00e1ticas adotadas pelo <b>GRUPO MEGAOFFICE<\/b> ao realizar o tratamento e o motivo pelo qual seus dados s\u00e3o solicitados ou coletados, demonstrando o nosso compromisso com a boa-f\u00e9, seguran\u00e7a, privacidade e transpar\u00eancia.<\/p>\n<p>A presente Pol\u00edtica se aplica \u00e0 todas as pessoas que acessarem nosso site e redes sociais e poder\u00e1 ser aplicado a outras formas de coleta de dados que sejam necess\u00e1rios para presta\u00e7\u00e3o de servi\u00e7os pelo <b>GRUPO MEGAOFFICE<\/b>.<\/p>\n<p><b style=\"font-size: 16px;\">Agente de Tratamento<\/b><\/p>\n<p><b>Raz\u00e3o Social: GRUPO MEGAOFFICE<\/b><\/p>\n<p><b>CNPJ:<\/b> 02.913.498\/0001-09<\/p>\n<p><strong>Endere\u00e7o:<\/strong> Av. Jos\u00e9 Loureiro da Silva 2025\/13\u00ba andar, Centro<\/p>\n<p><strong>Cidade\/UF:<\/strong> Gravata\u00ed\/RS<\/p>\n<p><strong>CEP:<\/strong> 94010-001<\/p>\n<p><span style=\"text-decoration: underline;\"><b>Papel no Tratamento<\/b><\/span><\/p>\n<p>Predominantemente Operadora<\/p>\n<p><b>Natureza dos Dados:<br><\/b>1. Dados pessoais informados pelo Titular;<br>2. Dados coletados durante a presta\u00e7\u00e3o de servi\u00e7o;<\/p>\n<p><b>Finalidades do Tratamento de Dados<\/b><\/p>\n<p>Utilizamos seus dados pessoais que sejam estritamente necess\u00e1rios para o cumprimento da presta\u00e7\u00e3o de nossos servi\u00e7os, dentro e fora das Plataformas Digitais, respeitando sempre sua privacidade.<\/p>\n<p><b>Bases Legais:<br><\/b>1. Consentimento (Art. 7\u00ba, inciso I, Lei n\u00ba 13.709\/18)<br>2. Cumprimento de obriga\u00e7\u00e3o legal ou regulat\u00f3ria (Art.7\u00ba, inciso II, Lei n\u00ba 13.709\/18)<br>3. Execu\u00e7\u00e3o de contrato (Art.7\u00ba, inciso V, Lei n\u00ba 13.709\/18)<\/p>\n<p><b>Medidas de Prote\u00e7\u00e3o<\/b><\/p>\n<p>Estamos comprometidos com a ado\u00e7\u00e3o de pol\u00edticas e normas de boas pr\u00e1ticas relativas \u00e0 prote\u00e7\u00e3o de dados. Implementamos medidas de seguran\u00e7as t\u00e9cnicas, f\u00edsicas, administrativas e organizacionais pertinentes a seguran\u00e7a de seus dados.<\/p>\n<p><b>Direitos do Titular<\/b><\/p>\n<p>Na qualidade de Titular de dados pessoais, a Lei Geral de Prote\u00e7\u00e3o de Dados garante a voc\u00ea os seguintes direitos:<br>1. Confirma\u00e7\u00e3o da exist\u00eancia de tratamento: Voc\u00ea poder\u00e1 solicitar atrav\u00e9s de canal exclusivo para esta finalidade, a qualquer momento, que o <b>GRUPO MEGAOFFICE<\/b> lhe informe e confirme a exist\u00eancia de tratamento de seus dados em nossos arquivos eletr\u00f4nicos ou f\u00edsicos.<br>2. Acesso aos dados: Voc\u00ea poder\u00e1 solicitar, sempre que necess\u00e1rio, acesso aos dados pessoais existentes na base de dados do <b>GRUPO MEGAOFFICE<\/b>.<br>3. Corre\u00e7\u00e3o de dados incompletos, inexatos ou desatualizado: Se voc\u00ea identificar que seus dados pessoais necessitam de corre\u00e7\u00f5es ou estejam incompletos, inexatos ou desatualizados, voc\u00ea poder\u00e1 encaminhar solicita\u00e7\u00e3o para o canal dedicado ao titular dos dados. <br>4. Anonimiza\u00e7\u00e3o, bloqueio ou elimina\u00e7\u00e3o de dados desnecess\u00e1rios, excessivos ou tratados em desconformidade com a LGPD.<br>5. Portabilidade de seus dados a outro fornecedor de servi\u00e7o ou produto.<br>6. Elimina\u00e7\u00e3o dos dados tratados com o consentimento do titular<br>7. Informa\u00e7\u00e3o das entidades p\u00fablicas e privadas com as quais o controlador realizou uso compartilhado de dados <br>8. Informa\u00e7\u00e3o sobre a possibilidade de n\u00e3o fornecer consentimento sobre as consequ\u00eancias da negativa.<br>9. Revoga\u00e7\u00e3o do consentimento.<\/p>\n<p><b>Utiliza\u00e7\u00e3o dos Dados<\/b><\/p>\n<p>O <b>GRUPO MEGAOFFICE<\/b> coletar\u00e1 dados informados ativamente pelo Titular quando do cadastramento de seus dados pessoais no site.<\/p>\n<p>Poder\u00e3o tamb\u00e9m ser coletados dados inseridos manualmente, em qualquer momento de intera\u00e7\u00e3o do Titular, com uma de nossas aplica\u00e7\u00f5es e contato direto para venda de produtos.<br>Al\u00e9m disso, tamb\u00e9m poderemos armazenar informa\u00e7\u00f5es coletadas automaticamente durante o uso de nossos servi\u00e7os como por exemplo: IP, data e hor\u00e1rios de intera\u00e7\u00f5es, entre outras informa\u00e7\u00f5es.<\/p>\n<p><b>Dados pessoais fornecidos pelo Titular:<\/b><\/p>\n<p>O termo \u201cdado pessoal\u201d significa qualquer informa\u00e7\u00e3o que seja relacionada a voc\u00ea que permita sua identifica\u00e7\u00e3o.<br>Coletamos todos os dados pessoais informados pelo Titular atrav\u00e9s do cadastro em nossos canais de atendimento como por exemplo: nome, email, telefone e endere\u00e7o completo.<br>No caso de preenchimento do formul\u00e1rio de interesse em trabalhar conosco, al\u00e9m dos dados acima informados coletamos ainda: data de nascimento e CPF.<\/p>\n<p><b>Dados pessoais coletados automaticamente:<br><\/b>Coletamos informa\u00e7\u00f5es automaticamente, tais como caracter\u00edsticas do dispositivo utilizado para acesso: navegador, sistema operacional, endere\u00e7o de IP, al\u00e9m de informa\u00e7\u00f5es sobre navega\u00e7\u00e3o dentro das aplica\u00e7\u00f5es como cliques, p\u00e1ginas acessadas, tempo de navega\u00e7\u00e3o entre outras informa\u00e7\u00f5es coletadas de maneira autom\u00e1tica.<\/p>\n<p><b>Compartilhamento de dados:<\/b><\/p>\n<p>Podemos, ocasionalmente, compartilhar os seus dados pessoais com terceiros, tais como:<br>1. Prestadores de servi\u00e7os, fornecedores ou empresas parceiras essenciais para nossa atividade, tendo como exemplo: institui\u00e7\u00f5es financeiras, fornecedores de servi\u00e7os, software de gest\u00e3o e outros que viabilizem o desenvolvimento das atividades comerciais e dos servi\u00e7os prestados<br>2. \u00d3rg\u00e3os reguladores, autoridades ou entidades governamentais com a finalidade de prote\u00e7\u00e3o dos interesses do <b>GRUPO MEGAOFFICE<\/b>, ou qualquer outro conflito incluindo a\u00e7\u00f5es judiciais e processos administrativos.<br>3. Autoridades\/Org\u00e3os Governamentais devido a obriga\u00e7\u00f5es legais ou regulat\u00f3rias<\/p>\n<p>Neste compartilhamento adotamos medidas apropriadas para garantir a seguran\u00e7a dos dados pessoais a fim de evitar altera\u00e7\u00f5es, perdas, vazamentos, tratamentos ou acessos n\u00e3o autorizados, atrav\u00e9s de cl\u00e1usulas contratuais espec\u00edficas e outros mecanismos legalmente adequados.<\/p>\n<p><b>Armazenamento \u2013 conserva\u00e7\u00e3o &#8211; elimina\u00e7\u00e3o dos dados<br><\/b>Qualquer dado pessoal coletado ser\u00e1 tratado e armazenado de acordo com as melhores pr\u00e1ticas de seguran\u00e7a. Para tanto, o <b>GRUPO MEGAOFFICE<\/b> adota as precau\u00e7\u00f5es necess\u00e1rias em observ\u00e2ncia \u00e0s diretrizes sobre padr\u00f5es de seguran\u00e7a estabelecidas nas legisla\u00e7\u00f5es e regulamenta\u00e7\u00f5es aplic\u00e1veis.<\/p>\n<p>As informa\u00e7\u00f5es poder\u00e3o ser conservadas para cumprimento de obriga\u00e7\u00e3o legal ou regulat\u00f3ria, sempre respeitando os requisitos de tratamento de dados.<\/p>\n<p>Os seus dados pessoais ser\u00e3o eliminados quando expirar a sua finalidade e n\u00e3o forem mais necess\u00e1rios para cumprir qualquer obriga\u00e7\u00e3o legal ou quando o Titular solicitar o seu descarte, exceto se a manuten\u00e7\u00e3o do dado for expressamente autorizada por lei.<\/p>\n<p><b>Canal de Privacidade<br><\/b>Se voc\u00ea precisar sanar d\u00favidas sobre como seus dados pessoais est\u00e3o sendo tratados ou queira formalizar alguma solicita\u00e7\u00e3o prevista pela Lei Geral de Prote\u00e7\u00e3o de Dados, dever\u00e1 utilizar o nosso Canal de Privacidade atrav\u00e9s do e-<br>mail: privacidade@megaoffice.net.<\/p>\n<p><b>Considera\u00e7\u00f5es finais<\/b><\/p>\n<p>O <b>GRUPO MEGAOFFICE<\/b> aplica todos os esfor\u00e7os para atender as solicita\u00e7\u00f5es no menor prazo poss\u00edvel, por\u00e9m, com fatores justific\u00e1veis tais como o nivel de complexidade da a\u00e7\u00e3o requisitada, poder\u00e1 atrasar ou impedir o atendimento de maneira r\u00e1pida.<\/p>\n<p>Contudo, o Titular deve estar ciente que sua solicita\u00e7\u00e3o pode ser negada fundamentada em bases legais ou por motivos formais, sejam estes, por exemplo, a dificuldade de comprova\u00e7\u00e3o de identidade ou caso solicitado a exclus\u00e3o de dados cuja manuten\u00e7\u00e3o \u00e9 um livre exerc\u00edcio de direito pelo <b>GRUPO MEGAOFFICE<\/b>.<\/p>\n<p>A pol\u00edtica aqui exposta \u00e9 regida, interpretada e executada em comum acordo as leis da Rep\u00fablica Federativa do Brasil, em especial a Lei Geral de Prote\u00e7\u00e3o de Dados Pessoais (LGPD), Lei n\u00ba 13.709\/2018, independente das leis de outros pa\u00edses.<\/p>\n<p>Eventuais altera\u00e7\u00f5es nesta Pol\u00edtica de Privacidade ser\u00e3o informadas por meio de postagem em nosso Site. Por isso, recomendamos que os Titulares acessem nossa Pol\u00edtica periodicamente e observem a data de sua modifica\u00e7\u00e3o, ao final deste documento, para confirmar eventual modifica\u00e7\u00e3o.<\/p>\n<p>A presente Pol\u00edtica de Privacidade foi aprovada e publicada em 10\/11\/2025.<\/p>\t\t\t\t\t\t<\/div>\n\t\t\t\t<\/div>\n\t\t\t\t\t<\/div>\n\t\t<\/div>\n\t\t\t\t\t\t\t<\/div>\n\t\t<\/section>\n\t\t\t\t\t\t\t<\/div>\n\t\t","protected":false},"excerpt":{"rendered":"<p>Pol\u00edtica de Privacidade e Prote\u00e7\u00e3o de Dados GRUPO MEGAOFFICE inscrito no CNPJ\/MF sob o n. 02.913.498\/0001-09, com sede na :<\/p>\n","protected":false},"author":1,"featured_media":0,"parent":0,"menu_order":0,"comment_status":"closed","ping_status":"closed","template":"","meta":{"_joinchat":[],"footnotes":""},"class_list":["post-17618","page","type-page","status-publish","hentry"],"_links":{"self":[{"href":"https:\/\/megaoffice.net\/index.php?rest_route=\/wp\/v2\/pages\/17618","targetHints":{"allow":["GET"]}}],"collection":[{"href":"https:\/\/megaoffice.net\/index.php?rest_route=\/wp\/v2\/pages"}],"about":[{"href":"https:\/\/megaoffice.net\/index.php?rest_route=\/wp\/v2\/types\/page"}],"author":[{"embeddable":true,"href":"https:\/\/megaoffice.net\/index.php?rest_route=\/wp\/v2\/users\/1"}],"replies":[{"embeddable":true,"href":"https:\/\/megaoffice.net\/index.php?rest_route=%2Fwp%2Fv2%2Fcomments&post=17618"}],"version-history":[{"count":10,"href":"https:\/\/megaoffice.net\/index.php?rest_route=\/wp\/v2\/pages\/17618\/revisions"}],"predecessor-version":[{"id":17629,"href":"https:\/\/megaoffice.net\/index.php?rest_route=\/wp\/v2\/pages\/17618\/revisions\/17629"}],"wp:attachment":[{"href":"https:\/\/megaoffice.net\/index.php?rest_route=%2Fwp%2Fv2%2Fmedia&parent=17618"}],"curies":[{"name":"wp","href":"https:\/\/api.w.org\/{rel}","templated":true}]}}